{"id":25509,"date":"2022-01-20T10:25:36","date_gmt":"2022-01-20T13:25:36","guid":{"rendered":"https:\/\/sites.universal.org\/intellimen\/?page_id=25509"},"modified":"2024-05-08T10:10:23","modified_gmt":"2024-05-08T13:10:23","slug":"academy","status":"publish","type":"page","link":"https:\/\/sites.universal.org\/intellimen\/academy","title":{"rendered":"IntelliMen Academy"},"content":{"rendered":"\n<p class=\"has-text-align-center\">Voc\u00ea j\u00e1 conhece o<br><strong class=\"bold-600 cor-000\">IntelliMen ACADEMY?<\/strong><\/p>\n\n\n\n<p class=\"has-text-align-center p-destaque\"><strong class=\"bold-900\">Ainda N\u00c3O?<\/strong><\/p>\n\n\n\n<p class=\"has-text-align-center line-height-42\">Ent\u00e3o, clique no \u00edcone abaixo <br>e saiba mais sobre esse projeto <br>para meninos de 9 a 14 anos.<\/p>\n\n\n\n<div class=\"wp-block-image\"><figure class=\"aligncenter size-medium\"><a href=\"https:\/\/sites.universal.org\/intellimen\/academy\/projeto\"><img decoding=\"async\" src=\"https:\/\/sites.universal.org\/intellimen\/wp-content\/uploads\/2022\/01\/academy-2-16.04.55-229x300.png\" alt=\"\" class=\"wp-image-25725\" width=\"NaN\" height=\"NaN\" srcset=\"https:\/\/sites.universal.org\/intellimen\/wp-content\/uploads\/2022\/01\/academy-2-16.04.55-229x300.png 229w, https:\/\/sites.universal.org\/intellimen\/wp-content\/uploads\/2022\/01\/academy-2-16.04.55.png 672w\" sizes=\"(max-width: 229px) 100vw, 229px\" \/><\/a><\/figure><\/div>\n\n\n\n<p><\/p>\n","protected":false},"excerpt":{"rendered":"<p>Voc\u00ea j\u00e1 conhece oIntelliMen ACADEMY? Ainda N\u00c3O? Ent\u00e3o, clique no \u00edcone abaixo e saiba mais sobre esse projeto para meninos de 9 a 14 anos.<\/p>\n","protected":false},"author":9,"featured_media":0,"parent":0,"menu_order":0,"comment_status":"closed","ping_status":"closed","template":"page-academy.php","meta":{"footnotes":"","_links_to":"","_links_to_target":""},"publishpress_future_action":{"enabled":false,"date":"2026-04-10 20:54:15","action":"change-status","newStatus":"draft","terms":[],"taxonomy":""},"_links":{"self":[{"href":"https:\/\/sites.universal.org\/intellimen\/wp-json\/wp\/v2\/pages\/25509"}],"collection":[{"href":"https:\/\/sites.universal.org\/intellimen\/wp-json\/wp\/v2\/pages"}],"about":[{"href":"https:\/\/sites.universal.org\/intellimen\/wp-json\/wp\/v2\/types\/page"}],"author":[{"embeddable":true,"href":"https:\/\/sites.universal.org\/intellimen\/wp-json\/wp\/v2\/users\/9"}],"replies":[{"embeddable":true,"href":"https:\/\/sites.universal.org\/intellimen\/wp-json\/wp\/v2\/comments?post=25509"}],"version-history":[{"count":34,"href":"https:\/\/sites.universal.org\/intellimen\/wp-json\/wp\/v2\/pages\/25509\/revisions"}],"predecessor-version":[{"id":63313,"href":"https:\/\/sites.universal.org\/intellimen\/wp-json\/wp\/v2\/pages\/25509\/revisions\/63313"}],"wp:attachment":[{"href":"https:\/\/sites.universal.org\/intellimen\/wp-json\/wp\/v2\/media?parent=25509"}],"curies":[{"name":"wp","href":"https:\/\/api.w.org\/{rel}","templated":true}]}}